{"id":1589,"date":"2026-02-11T23:54:01","date_gmt":"2026-02-11T23:54:01","guid":{"rendered":"https:\/\/gaziantepbaklavacisibursa.com\/?page_id=1589"},"modified":"2026-02-19T23:39:23","modified_gmt":"2026-02-19T23:39:23","slug":"franchise","status":"publish","type":"page","link":"https:\/\/gaziantepbaklavacisibursa.com\/?page_id=1589","title":{"rendered":"Franchise"},"content":{"rendered":"\t\t<div data-elementor-type=\"wp-page\" data-elementor-id=\"1589\" class=\"elementor elementor-1589\">\n\t\t\t\t<div class=\"elementor-element elementor-element-c517e05 franchise-page e-flex e-con-boxed e-con e-parent\" data-id=\"c517e05\" data-element_type=\"container\" data-e-type=\"container\" data-settings=\"{&quot;background_background&quot;:&quot;classic&quot;}\">\n\t\t\t\t\t<div class=\"e-con-inner\">\n\t\t\t\t\t<\/div>\n\t\t\t\t<\/div>\n\t\t<div class=\"elementor-element elementor-element-3db755e franchise-page e-flex e-con-boxed e-con e-parent\" data-id=\"3db755e\" data-element_type=\"container\" data-e-type=\"container\">\n\t\t\t\t\t<div class=\"e-con-inner\">\n\t\t<div class=\"elementor-element elementor-element-870347e e-con-full e-flex e-con e-child\" data-id=\"870347e\" data-element_type=\"container\" data-e-type=\"container\">\n\t\t\t\t<div class=\"elementor-element elementor-element-26ad439 elementor-widget elementor-widget-heading\" data-id=\"26ad439\" data-element_type=\"widget\" data-e-type=\"widget\" data-widget_type=\"heading.default\">\n\t\t\t\t\t<h2 class=\"elementor-heading-title elementor-size-default\">Kendi Ba\u015far\u0131l\u0131 \u015eubenizi A\u00e7\u0131n, G\u00fc\u00e7l\u00fc Bir Markan\u0131n Par\u00e7as\u0131 Olun<\/h2>\t\t\t\t<\/div>\n\t\t<div class=\"elementor-element elementor-element-3854142 e-con-full e-flex e-con e-child\" data-id=\"3854142\" data-element_type=\"container\" data-e-type=\"container\">\n\t\t\t\t<div class=\"elementor-element elementor-element-66f4147 elementor-widget elementor-widget-text-editor\" data-id=\"66f4147\" data-element_type=\"widget\" data-e-type=\"widget\" data-widget_type=\"text-editor.default\">\n\t\t\t\t\t\t\t\t\t<p>Baklavac\u0131s\u0131 olarak y\u0131llar\u0131n verdi\u011fi tecr\u00fcbe, g\u00fc\u00e7l\u00fc tedarik a\u011f\u0131m\u0131z ve kan\u0131tlanm\u0131\u015f i\u015f modelimiz ile yat\u0131r\u0131mc\u0131lar\u0131m\u0131za s\u00fcrd\u00fcr\u00fclebilir ve k\u00e2rl\u0131 bir i\u015f f\u0131rsat\u0131 sunuyoruz. Siz de h\u0131zla b\u00fcy\u00fcyen markam\u0131z\u0131n bir par\u00e7as\u0131 olun, kendi \u015fubenizi g\u00fcvenle y\u00f6netin.<\/p>\t\t\t\t\t\t\t\t<\/div>\n\t\t\t\t<\/div>\n\t\t<div class=\"elementor-element elementor-element-2c7fae4 e-con-full e-flex e-con e-child\" data-id=\"2c7fae4\" data-element_type=\"container\" data-e-type=\"container\">\n\t\t\t\t<div class=\"elementor-element elementor-element-d09ae2f elementor-widget elementor-widget-image\" data-id=\"d09ae2f\" data-element_type=\"widget\" data-e-type=\"widget\" data-widget_type=\"image.default\">\n\t\t\t\t\t\t\t\t\t\t\t\t\t\t\t\t<a href=\"https:\/\/wa.me\/905427782616?text=Merhaba%2C%20franchise%20yat%C4%B1r%C4%B1m%20%C5%9Fartlar%C4%B1%20hakk%C4%B1nda%20detayl%C4%B1%20bilgi%20alabilir%20miyim%3F\">\n\t\t\t\t\t\t\t<img fetchpriority=\"high\" decoding=\"async\" width=\"512\" height=\"512\" src=\"https:\/\/gaziantepbaklavacisibursa.com\/wp-content\/uploads\/2026\/02\/whatsapp-svgrepo-com.svg\" class=\"attachment-large size-large wp-image-1551\" alt=\"\" \/>\t\t\t\t\t\t\t\t<\/a>\n\t\t\t\t\t\t\t\t\t\t\t\t\t\t\t<\/div>\n\t\t\t\t<\/div>\n\t\t\t\t<\/div>\n\t\t\t\t\t<\/div>\n\t\t\t\t<\/div>\n\t\t<div class=\"elementor-element elementor-element-b208065 franchise-page e-flex e-con-boxed e-con e-parent\" data-id=\"b208065\" data-element_type=\"container\" data-e-type=\"container\">\n\t\t\t\t\t<div class=\"e-con-inner\">\n\t\t<div class=\"elementor-element elementor-element-6cc66e0 e-con-full e-flex e-con e-child\" data-id=\"6cc66e0\" data-element_type=\"container\" data-e-type=\"container\">\n\t\t\t\t<div class=\"elementor-element elementor-element-9102124 elementor-widget elementor-widget-heading\" data-id=\"9102124\" data-element_type=\"widget\" data-e-type=\"widget\" data-widget_type=\"heading.default\">\n\t\t\t\t\t<h2 class=\"elementor-heading-title elementor-size-default\">NEDEN B\u0130Z?<\/h2>\t\t\t\t<\/div>\n\t\t\t\t<\/div>\n\t\t<div class=\"elementor-element elementor-element-7efd945 e-con-full e-flex e-con e-child\" data-id=\"7efd945\" data-element_type=\"container\" data-e-type=\"container\">\n\t\t\t\t<div class=\"elementor-element elementor-element-d1f337f elementor-widget elementor-widget-text-editor\" data-id=\"d1f337f\" data-element_type=\"widget\" data-e-type=\"widget\" data-widget_type=\"text-editor.default\">\n\t\t\t\t\t\t\t\t\t<h3 data-start=\"1567\" data-end=\"1597\">\u2714 G\u00fc\u00e7l\u00fc ve G\u00fcvenilir Marka<\/h3><p data-start=\"1598\" data-end=\"1782\">Baklavac\u0131s\u0131, kalite ve m\u00fc\u015fteri memnuniyeti odakl\u0131 hizmet anlay\u0131\u015f\u0131yla sekt\u00f6rde g\u00fcven kazanm\u0131\u015f bir markad\u0131r. Haz\u0131r bir marka g\u00fcc\u00fc ile yola \u00e7\u0131kmak, m\u00fc\u015fteri kazan\u0131m s\u00fcrecinizi h\u0131zland\u0131r\u0131r.<\/p>\t\t\t\t\t\t\t\t<\/div>\n\t\t\t\t<\/div>\n\t\t<div class=\"elementor-element elementor-element-671e1f3 e-con-full e-flex e-con e-child\" data-id=\"671e1f3\" data-element_type=\"container\" data-e-type=\"container\">\n\t\t\t\t<div class=\"elementor-element elementor-element-cece793 elementor-widget elementor-widget-text-editor\" data-id=\"cece793\" data-element_type=\"widget\" data-e-type=\"widget\" data-widget_type=\"text-editor.default\">\n\t\t\t\t\t\t\t\t\t<h3 data-start=\"1789\" data-end=\"1822\">\u2714 Y\u00fcksek Karl\u0131l\u0131k Potansiyeli<\/h3><p data-start=\"1823\" data-end=\"1972\">Do\u011fru lokasyon ve etkili i\u015fletme modeli ile yat\u0131r\u0131m\u0131n\u0131zdan verimli geri d\u00f6n\u00fc\u015f elde edebilir, k\u0131sa s\u00fcrede g\u00fc\u00e7l\u00fc bir m\u00fc\u015fteri kitlesine ula\u015fabilirsiniz.<\/p>\t\t\t\t\t\t\t\t<\/div>\n\t\t\t\t<\/div>\n\t\t<div class=\"elementor-element elementor-element-e88ee92 e-con-full e-flex e-con e-child\" data-id=\"e88ee92\" data-element_type=\"container\" data-e-type=\"container\">\n\t\t\t\t<div class=\"elementor-element elementor-element-1f91081 elementor-widget elementor-widget-text-editor\" data-id=\"1f91081\" data-element_type=\"widget\" data-e-type=\"widget\" data-widget_type=\"text-editor.default\">\n\t\t\t\t\t\t\t\t\t<h3 data-start=\"1979\" data-end=\"2013\">\u2714 U\u00e7tan Uca Operasyonel Destek<\/h3><p data-start=\"2014\" data-end=\"2125\">\u015eube kurulumundan personel e\u011fitimine, tedarik s\u00fcre\u00e7lerinden operasyon y\u00f6netimine kadar her ad\u0131mda yan\u0131n\u0131zday\u0131z.<\/p>\t\t\t\t\t\t\t\t<\/div>\n\t\t\t\t<\/div>\n\t\t<div class=\"elementor-element elementor-element-960a886 e-con-full e-flex e-con e-child\" data-id=\"960a886\" data-element_type=\"container\" data-e-type=\"container\">\n\t\t\t\t<div class=\"elementor-element elementor-element-3f5c648 elementor-widget elementor-widget-text-editor\" data-id=\"3f5c648\" data-element_type=\"widget\" data-e-type=\"widget\" data-widget_type=\"text-editor.default\">\n\t\t\t\t\t\t\t\t\t<h3 data-start=\"2132\" data-end=\"2178\">\u2714 Standart Kalite \u2013 G\u00fc\u00e7l\u00fc \u00dcretim Altyap\u0131s\u0131<\/h3><p data-start=\"2179\" data-end=\"2279\">T\u00fcm \u015fubelerimizde ayn\u0131 y\u00fcksek kaliteyi sunarak marka de\u011ferimizi korur, m\u00fc\u015fteri sadakatini art\u0131r\u0131r\u0131z.<\/p>\t\t\t\t\t\t\t\t<\/div>\n\t\t\t\t<\/div>\n\t\t\t\t\t<\/div>\n\t\t\t\t<\/div>\n\t\t<div class=\"elementor-element elementor-element-2e6ff98 franchise-page e-flex e-con-boxed e-con e-parent\" data-id=\"2e6ff98\" data-element_type=\"container\" data-e-type=\"container\">\n\t\t\t\t\t<div class=\"e-con-inner\">\n\t\t\t\t<div class=\"elementor-element elementor-element-9989259 elementor-widget elementor-widget-text-editor\" data-id=\"9989259\" data-element_type=\"widget\" data-e-type=\"widget\" data-widget_type=\"text-editor.default\">\n\t\t\t\t\t\t\t\t\t<p><strong>Do\u011fru lokasyonda, do\u011fru i\u015fletme modeli ile y\u00fcksek ciro potansiyeline sahip bir yat\u0131r\u0131m f\u0131rsat\u0131 sunuyoruz.<\/strong><\/p><p>\u00a0<\/p><p>Yat\u0131r\u0131m geri d\u00f6n\u00fc\u015f s\u00fcresi; lokasyon, ma\u011faza b\u00fcy\u00fckl\u00fc\u011f\u00fc ve operasyonel performansa ba\u011fl\u0131 olarak de\u011fi\u015fkenlik g\u00f6sterebilir.<\/p><p>\u00a0<\/p>\t\t\t\t\t\t\t\t<\/div>\n\t\t\t\t\t<\/div>\n\t\t\t\t<\/div>\n\t\t<div class=\"elementor-element elementor-element-4937bec franchise-page e-flex e-con-boxed e-con e-parent\" data-id=\"4937bec\" data-element_type=\"container\" data-e-type=\"container\">\n\t\t\t\t\t<div class=\"e-con-inner\">\n\t\t<div class=\"elementor-element elementor-element-4233a58 e-con-full e-flex e-con e-child\" data-id=\"4233a58\" data-element_type=\"container\" data-e-type=\"container\">\n\t\t\t\t<div class=\"elementor-element elementor-element-e08886d elementor-widget elementor-widget-heading\" data-id=\"e08886d\" data-element_type=\"widget\" data-e-type=\"widget\" data-widget_type=\"heading.default\">\n\t\t\t\t\t<h2 class=\"elementor-heading-title elementor-size-default\">Franchise S\u00fcrecimiz<\/h2>\t\t\t\t<\/div>\n\t\t\t\t<\/div>\n\t\t<div class=\"elementor-element elementor-element-97d955b e-con-full e-flex e-con e-child\" data-id=\"97d955b\" data-element_type=\"container\" data-e-type=\"container\">\n\t\t\t\t<div class=\"elementor-element elementor-element-f415af4 elementor-widget elementor-widget-text-editor\" data-id=\"f415af4\" data-element_type=\"widget\" data-e-type=\"widget\" data-widget_type=\"text-editor.default\">\n\t\t\t\t\t\t\t\t\t<p><strong data-start=\"2948\" data-end=\"2966\">\u00d6n Ba\u015fvuru<\/strong><br data-start=\"2966\" data-end=\"2969\" \/>WhatsApp \u00fczerinden bizimle ileti\u015fime ge\u00e7erek franchise s\u00fcreci hakk\u0131nda detayl\u0131 bilgi al\u0131n.<\/p>\t\t\t\t\t\t\t\t<\/div>\n\t\t\t\t<\/div>\n\t\t<div class=\"elementor-element elementor-element-ab0a438 e-con-full e-flex e-con e-child\" data-id=\"ab0a438\" data-element_type=\"container\" data-e-type=\"container\">\n\t\t\t\t<div class=\"elementor-element elementor-element-3814329 elementor-widget elementor-widget-text-editor\" data-id=\"3814329\" data-element_type=\"widget\" data-e-type=\"widget\" data-widget_type=\"text-editor.default\">\n\t\t\t\t\t\t\t\t\t<p><strong data-start=\"3061\" data-end=\"3085\"> \u00d6n De\u011ferlendirme<\/strong><br data-start=\"3085\" data-end=\"3088\" \/>Lokasyon, yat\u0131r\u0131m plan\u0131 ve hedeflerinizi birlikte de\u011ferlendirelim.<\/p>\t\t\t\t\t\t\t\t<\/div>\n\t\t\t\t<\/div>\n\t\t<div class=\"elementor-element elementor-element-7ec6599 e-con-full e-flex e-con e-child\" data-id=\"7ec6599\" data-element_type=\"container\" data-e-type=\"container\">\n\t\t\t\t<div class=\"elementor-element elementor-element-0e59e02 elementor-widget elementor-widget-text-editor\" data-id=\"0e59e02\" data-element_type=\"widget\" data-e-type=\"widget\" data-widget_type=\"text-editor.default\">\n\t\t\t\t\t\t\t\t\t<p><strong data-start=\"3156\" data-end=\"3179\"> S\u00f6zle\u015fme S\u00fcreci<\/strong><br data-start=\"3179\" data-end=\"3182\" \/>Kar\u015f\u0131l\u0131kl\u0131 anla\u015fma sonras\u0131 resmi ad\u0131mlar\u0131 tamamlayal\u0131m.<\/p>\t\t\t\t\t\t\t\t<\/div>\n\t\t\t\t<\/div>\n\t\t<div class=\"elementor-element elementor-element-05737a1 e-con-full e-flex e-con e-child\" data-id=\"05737a1\" data-element_type=\"container\" data-e-type=\"container\">\n\t\t\t\t<div class=\"elementor-element elementor-element-699c7cf elementor-widget elementor-widget-text-editor\" data-id=\"699c7cf\" data-element_type=\"widget\" data-e-type=\"widget\" data-widget_type=\"text-editor.default\">\n\t\t\t\t\t\t\t\t\t<p><strong data-start=\"3239\" data-end=\"3264\">Kurulum ve E\u011fitim<\/strong><br data-start=\"3264\" data-end=\"3267\" \/>Ma\u011faza kurulumu, ekipman, \u00fcr\u00fcn tedari\u011fi ve personel e\u011fitimi taraf\u0131m\u0131zdan planlan\u0131r.<\/p>\t\t\t\t\t\t\t\t<\/div>\n\t\t\t\t<\/div>\n\t\t<div class=\"elementor-element elementor-element-1201cdf e-con-full e-flex e-con e-child\" data-id=\"1201cdf\" data-element_type=\"container\" data-e-type=\"container\">\n\t\t\t\t<div class=\"elementor-element elementor-element-c37d504 elementor-widget elementor-widget-text-editor\" data-id=\"c37d504\" data-element_type=\"widget\" data-e-type=\"widget\" data-widget_type=\"text-editor.default\">\n\t\t\t\t\t\t\t\t\t<p><strong data-start=\"3352\" data-end=\"3384\">A\u00e7\u0131l\u0131\u015f ve S\u00fcrekli Destek<\/strong><br data-start=\"3384\" data-end=\"3387\" \/>\u015eubeniz a\u00e7\u0131ld\u0131ktan sonra da operasyonel deste\u011fimiz devam eder.<\/p>\t\t\t\t\t\t\t\t<\/div>\n\t\t\t\t<\/div>\n\t\t\t\t\t<\/div>\n\t\t\t\t<\/div>\n\t\t<div class=\"elementor-element elementor-element-bdd992a franchise-page e-flex e-con-boxed e-con e-parent\" data-id=\"bdd992a\" data-element_type=\"container\" data-e-type=\"container\">\n\t\t\t\t\t<div class=\"e-con-inner\">\n\t\t<div class=\"elementor-element elementor-element-f25f53c e-con-full e-flex e-con e-child\" data-id=\"f25f53c\" data-element_type=\"container\" data-e-type=\"container\">\n\t\t\t\t<div class=\"elementor-element elementor-element-6c3e71e elementor-widget elementor-widget-text-editor\" data-id=\"6c3e71e\" data-element_type=\"widget\" data-e-type=\"widget\" data-widget_type=\"text-editor.default\">\n\t\t\t\t\t\t\t\t\t<p>K\u00e2rl\u0131 Bir Yat\u0131r\u0131ma \u0130lk Ad\u0131m\u0131 At\u0131n<\/p><p>Franchise \u015fartlar\u0131, yat\u0131r\u0131m maliyetleri ve t\u00fcm detaylar hakk\u0131nda bilgi almak i\u00e7in hemen bizimle ileti\u015fime ge\u00e7in.<\/p>\t\t\t\t\t\t\t\t<\/div>\n\t\t\t\t<\/div>\n\t\t\t\t\t<\/div>\n\t\t\t\t<\/div>\n\t\t<div class=\"elementor-element elementor-element-0623f9e franchise-page e-flex e-con-boxed e-con e-parent\" data-id=\"0623f9e\" data-element_type=\"container\" data-e-type=\"container\">\n\t\t\t\t\t<div class=\"e-con-inner\">\n\t\t<div class=\"elementor-element elementor-element-ae5c1e2 e-con-full franchise-box e-flex e-con e-child\" data-id=\"ae5c1e2\" data-element_type=\"container\" data-e-type=\"container\">\n\t\t\t\t<div class=\"elementor-element elementor-element-9f2db9c elementor-widget elementor-widget-image\" data-id=\"9f2db9c\" data-element_type=\"widget\" data-e-type=\"widget\" data-widget_type=\"image.default\">\n\t\t\t\t\t\t\t\t\t\t\t\t\t\t\t\t<a href=\"https:\/\/wa.me\/905427782616?text=Merhaba%2C%20franchise%20yat%C4%B1r%C4%B1m%20%C5%9Fartlar%C4%B1%20hakk%C4%B1nda%20detayl%C4%B1%20bilgi%20alabilir%20miyim%3F\">\n\t\t\t\t\t\t\t<img fetchpriority=\"high\" decoding=\"async\" width=\"512\" height=\"512\" src=\"https:\/\/gaziantepbaklavacisibursa.com\/wp-content\/uploads\/2026\/02\/whatsapp-svgrepo-com.svg\" class=\"attachment-large size-large wp-image-1551\" alt=\"\" \/>\t\t\t\t\t\t\t\t<\/a>\n\t\t\t\t\t\t\t\t\t\t\t\t\t\t\t<\/div>\n\t\t\t\t<\/div>\n\t\t<div class=\"elementor-element elementor-element-f591587 e-con-full e-flex e-con e-child\" data-id=\"f591587\" data-element_type=\"container\" data-e-type=\"container\">\n\t\t\t\t<div class=\"elementor-element elementor-element-6142d2d elementor-widget elementor-widget-image\" data-id=\"6142d2d\" data-element_type=\"widget\" data-e-type=\"widget\" data-widget_type=\"image.default\">\n\t\t\t\t\t\t\t\t\t\t\t\t\t\t\t\t<a href=\"https:\/\/www.facebook.com\/p\/Gaziantep-Baklavac%C4%B1s%C4%B1-Bursa-61568878850707\/\">\n\t\t\t\t\t\t\t<img decoding=\"async\" width=\"512\" height=\"512\" src=\"https:\/\/gaziantepbaklavacisibursa.com\/wp-content\/uploads\/2026\/02\/facebook.png\" class=\"attachment-large size-large wp-image-1570\" alt=\"\" srcset=\"https:\/\/gaziantepbaklavacisibursa.com\/wp-content\/uploads\/2026\/02\/facebook.png 512w, https:\/\/gaziantepbaklavacisibursa.com\/wp-content\/uploads\/2026\/02\/facebook-300x300.png 300w, https:\/\/gaziantepbaklavacisibursa.com\/wp-content\/uploads\/2026\/02\/facebook-150x150.png 150w, https:\/\/gaziantepbaklavacisibursa.com\/wp-content\/uploads\/2026\/02\/facebook-500x500.png 500w, https:\/\/gaziantepbaklavacisibursa.com\/wp-content\/uploads\/2026\/02\/facebook-100x100.png 100w\" sizes=\"(max-width: 512px) 100vw, 512px\" \/>\t\t\t\t\t\t\t\t<\/a>\n\t\t\t\t\t\t\t\t\t\t\t\t\t\t\t<\/div>\n\t\t\t\t<\/div>\n\t\t<div class=\"elementor-element elementor-element-e7d3ee2 e-con-full e-flex e-con e-child\" data-id=\"e7d3ee2\" data-element_type=\"container\" data-e-type=\"container\">\n\t\t\t\t<div class=\"elementor-element elementor-element-32d15b2 elementor-widget elementor-widget-image\" data-id=\"32d15b2\" data-element_type=\"widget\" data-e-type=\"widget\" data-widget_type=\"image.default\">\n\t\t\t\t\t\t\t\t\t\t\t\t\t\t\t\t<a href=\"https:\/\/www.instagram.com\/gaziantepbaklavacisibursa\/\">\n\t\t\t\t\t\t\t<img decoding=\"async\" width=\"32\" height=\"32\" src=\"https:\/\/gaziantepbaklavacisibursa.com\/wp-content\/uploads\/2026\/02\/instagram-1-svgrepo-com.svg\" class=\"attachment-large size-large wp-image-1552\" alt=\"\" \/>\t\t\t\t\t\t\t\t<\/a>\n\t\t\t\t\t\t\t\t\t\t\t\t\t\t\t<\/div>\n\t\t\t\t<\/div>\n\t\t\t\t\t<\/div>\n\t\t\t\t<\/div>\n\t\t\t\t<\/div>\n\t\t","protected":false},"excerpt":{"rendered":"<p>Kendi Ba\u015far\u0131l\u0131 \u015eubenizi A\u00e7\u0131n, G\u00fc\u00e7l\u00fc Bir Markan\u0131n Par\u00e7as\u0131 Olun Baklavac\u0131s\u0131 olarak y\u0131llar\u0131n verdi\u011fi tecr\u00fcbe, g\u00fc\u00e7l\u00fc tedarik a\u011f\u0131m\u0131z ve kan\u0131tlanm\u0131\u015f i\u015f modelimiz ile yat\u0131r\u0131mc\u0131lar\u0131m\u0131za s\u00fcrd\u00fcr\u00fclebilir ve k\u00e2rl\u0131 bir i\u015f f\u0131rsat\u0131 sunuyoruz. Siz de h\u0131zla b\u00fcy\u00fcyen markam\u0131z\u0131n bir par\u00e7as\u0131 olun, kendi \u015fubenizi g\u00fcvenle y\u00f6netin. NEDEN B\u0130Z? \u2714 G\u00fc\u00e7l\u00fc ve G\u00fcvenilir Marka Baklavac\u0131s\u0131, kalite ve m\u00fc\u015fteri memnuniyeti odakl\u0131 [&hellip;]<\/p>\n","protected":false},"author":1,"featured_media":0,"parent":0,"menu_order":0,"comment_status":"closed","ping_status":"closed","template":"","meta":{"footnotes":""},"class_list":["post-1589","page","type-page","status-publish","hentry"],"blocksy_meta":[],"_links":{"self":[{"href":"https:\/\/gaziantepbaklavacisibursa.com\/index.php?rest_route=\/wp\/v2\/pages\/1589","targetHints":{"allow":["GET"]}}],"collection":[{"href":"https:\/\/gaziantepbaklavacisibursa.com\/index.php?rest_route=\/wp\/v2\/pages"}],"about":[{"href":"https:\/\/gaziantepbaklavacisibursa.com\/index.php?rest_route=\/wp\/v2\/types\/page"}],"author":[{"embeddable":true,"href":"https:\/\/gaziantepbaklavacisibursa.com\/index.php?rest_route=\/wp\/v2\/users\/1"}],"replies":[{"embeddable":true,"href":"https:\/\/gaziantepbaklavacisibursa.com\/index.php?rest_route=%2Fwp%2Fv2%2Fcomments&post=1589"}],"version-history":[{"count":34,"href":"https:\/\/gaziantepbaklavacisibursa.com\/index.php?rest_route=\/wp\/v2\/pages\/1589\/revisions"}],"predecessor-version":[{"id":1954,"href":"https:\/\/gaziantepbaklavacisibursa.com\/index.php?rest_route=\/wp\/v2\/pages\/1589\/revisions\/1954"}],"wp:attachment":[{"href":"https:\/\/gaziantepbaklavacisibursa.com\/index.php?rest_route=%2Fwp%2Fv2%2Fmedia&parent=1589"}],"curies":[{"name":"wp","href":"https:\/\/api.w.org\/{rel}","templated":true}]}}