{"id":523,"date":"2022-08-15T18:15:57","date_gmt":"2022-08-15T18:15:57","guid":{"rendered":"https:\/\/startersites.io\/elementor\/catering\/?page_id=523"},"modified":"2026-02-19T21:59:57","modified_gmt":"2026-02-19T21:59:57","slug":"contact","status":"publish","type":"page","link":"https:\/\/gaziantepbaklavacisibursa.com\/?page_id=523","title":{"rendered":"Contact"},"content":{"rendered":"\t\t<div data-elementor-type=\"wp-page\" data-elementor-id=\"523\" class=\"elementor elementor-523\">\n\t\t\t\t<div class=\"elementor-element elementor-element-d60645b e-con-full e-flex e-con e-parent\" data-id=\"d60645b\" data-element_type=\"container\" data-e-type=\"container\" data-settings=\"{&quot;background_background&quot;:&quot;classic&quot;}\">\n\t\t\t\t<\/div>\n\t\t<div class=\"elementor-element elementor-element-c35971d e-flex e-con-boxed e-con e-parent\" data-id=\"c35971d\" data-element_type=\"container\" data-e-type=\"container\" data-settings=\"{&quot;background_background&quot;:&quot;classic&quot;}\">\n\t\t\t\t\t<div class=\"e-con-inner\">\n\t\t\t\t<div class=\"elementor-element elementor-element-e5d8a97 elementor-widget__width-initial ct-iconbox elementor-widget-mobile__width-inherit elementor-view-default elementor-position-block-start elementor-mobile-position-block-start elementor-widget elementor-widget-icon-box\" data-id=\"e5d8a97\" data-element_type=\"widget\" data-e-type=\"widget\" data-widget_type=\"icon-box.default\">\n\t\t\t\t\t\t\t<div class=\"elementor-icon-box-wrapper\">\n\n\t\t\t\t\t\t<div class=\"elementor-icon-box-icon\">\n\t\t\t\t<span  class=\"elementor-icon\">\n\t\t\t\t<svg xmlns=\"http:\/\/www.w3.org\/2000\/svg\" viewBox=\"0 0 60 60\"><path d=\"M30 0A23 23 0 0 0 7.1 22.9c0 10.2 14.1 28.4 20.1 35.8l.5.5c.6.5 1.4.8 2.3.8h.4c1-.1 1.8-.6 2.4-1.3 6.1-7.4 20.1-25.6 20.1-35.8A23 23 0 0 0 30 0zm.5 56.8-.4.2-.4-.1-.1-.1C25 51.2 10.1 32.4 10.1 22.9a19.9 19.9 0 1 1 39.8 0c0 9.5-14.9 28.3-19.4 33.9zM30 12.1a9.5 9.5 0 0 0-9.5 9.7v.1a9.6 9.6 0 0 0 9.6 9.5h.1a9.6 9.6 0 0 0 6.6-16.6 9.4 9.4 0 0 0-6.8-2.7zm4.9 14.3a6.3 6.3 0 0 1-4.7 2 6.6 6.6 0 0 1-6.8-6.6v-.1c0-3.7 2.9-6.6 6.6-6.7a6.6 6.6 0 0 1 6.8 6.6c0 1.9-.7 3.5-1.9 4.8z\"><\/path><\/svg>\t\t\t\t<\/span>\n\t\t\t<\/div>\n\t\t\t\n\t\t\t\t\t\t<div class=\"elementor-icon-box-content\">\n\n\t\t\t\t\t\t\t\t\t<h3 class=\"elementor-icon-box-title\">\n\t\t\t\t\t\t<span  >\n\t\t\t\t\t\t\tAdres\t\t\t\t\t\t<\/span>\n\t\t\t\t\t<\/h3>\n\t\t\t\t\n\t\t\t\t\t\t\t\t\t<p class=\"elementor-icon-box-description\">\n\t\t\t\t\t\tBe\u015fevler, Y\u0131ld\u0131r\u0131m Cd. No:220, 16110 Ni\u0307l\u00fcfer\/Bursa<br><br>+90 05427782616\t\t\t\t\t<\/p>\n\t\t\t\t\n\t\t\t<\/div>\n\t\t\t\n\t\t<\/div>\n\t\t\t\t\t\t<\/div>\n\t\t\t\t<div class=\"elementor-element elementor-element-327ad1d elementor-widget__width-initial ct-iconbox elementor-widget-mobile__width-inherit elementor-view-default elementor-position-block-start elementor-mobile-position-block-start elementor-widget elementor-widget-icon-box\" data-id=\"327ad1d\" data-element_type=\"widget\" data-e-type=\"widget\" data-widget_type=\"icon-box.default\">\n\t\t\t\t\t\t\t<div class=\"elementor-icon-box-wrapper\">\n\n\t\t\t\t\t\t<div class=\"elementor-icon-box-icon\">\n\t\t\t\t<span  class=\"elementor-icon\">\n\t\t\t\t<svg xmlns=\"http:\/\/www.w3.org\/2000\/svg\" viewBox=\"0 0 60 60\"><path d=\"M30 0A23 23 0 0 0 7.1 22.9c0 10.2 14.1 28.4 20.1 35.8l.5.5c.6.5 1.4.8 2.3.8h.4c1-.1 1.8-.6 2.4-1.3 6.1-7.4 20.1-25.6 20.1-35.8A23 23 0 0 0 30 0zm.5 56.8-.4.2-.4-.1-.1-.1C25 51.2 10.1 32.4 10.1 22.9a19.9 19.9 0 1 1 39.8 0c0 9.5-14.9 28.3-19.4 33.9zM30 12.1a9.5 9.5 0 0 0-9.5 9.7v.1a9.6 9.6 0 0 0 9.6 9.5h.1a9.6 9.6 0 0 0 6.6-16.6 9.4 9.4 0 0 0-6.8-2.7zm4.9 14.3a6.3 6.3 0 0 1-4.7 2 6.6 6.6 0 0 1-6.8-6.6v-.1c0-3.7 2.9-6.6 6.6-6.7a6.6 6.6 0 0 1 6.8 6.6c0 1.9-.7 3.5-1.9 4.8z\"><\/path><\/svg>\t\t\t\t<\/span>\n\t\t\t<\/div>\n\t\t\t\n\t\t\t\t\t\t<div class=\"elementor-icon-box-content\">\n\n\t\t\t\t\t\t\t\t\t<h3 class=\"elementor-icon-box-title\">\n\t\t\t\t\t\t<span  >\n\t\t\t\t\t\t\tAdres\t\t\t\t\t\t<\/span>\n\t\t\t\t\t<\/h3>\n\t\t\t\t\n\t\t\t\t\t\t\t\t\t<p class=\"elementor-icon-box-description\">\n\t\t\t\t\t\tSo\u011fukkuyu mh. Yunuseli bulvar\u0131 zaralife sitesi no:9\/A downtown avm yan\u0131 Osmangazi\/Bursa <br>\n+90 05407782616\n\n\t\t\t\t\t<\/p>\n\t\t\t\t\n\t\t\t<\/div>\n\t\t\t\n\t\t<\/div>\n\t\t\t\t\t\t<\/div>\n\t\t\t\t<div class=\"elementor-element elementor-element-90dbb96 elementor-widget__width-initial ct-iconbox elementor-widget-mobile__width-inherit elementor-view-default elementor-position-block-start elementor-mobile-position-block-start elementor-widget elementor-widget-icon-box\" data-id=\"90dbb96\" data-element_type=\"widget\" data-e-type=\"widget\" data-widget_type=\"icon-box.default\">\n\t\t\t\t\t\t\t<div class=\"elementor-icon-box-wrapper\">\n\n\t\t\t\t\t\t<div class=\"elementor-icon-box-icon\">\n\t\t\t\t<span  class=\"elementor-icon\">\n\t\t\t\t<svg xmlns=\"http:\/\/www.w3.org\/2000\/svg\" viewBox=\"0 0 60 60\"><path d=\"M30 0A23 23 0 0 0 7.1 22.9c0 10.2 14.1 28.4 20.1 35.8l.5.5c.6.5 1.4.8 2.3.8h.4c1-.1 1.8-.6 2.4-1.3 6.1-7.4 20.1-25.6 20.1-35.8A23 23 0 0 0 30 0zm.5 56.8-.4.2-.4-.1-.1-.1C25 51.2 10.1 32.4 10.1 22.9a19.9 19.9 0 1 1 39.8 0c0 9.5-14.9 28.3-19.4 33.9zM30 12.1a9.5 9.5 0 0 0-9.5 9.7v.1a9.6 9.6 0 0 0 9.6 9.5h.1a9.6 9.6 0 0 0 6.6-16.6 9.4 9.4 0 0 0-6.8-2.7zm4.9 14.3a6.3 6.3 0 0 1-4.7 2 6.6 6.6 0 0 1-6.8-6.6v-.1c0-3.7 2.9-6.6 6.6-6.7a6.6 6.6 0 0 1 6.8 6.6c0 1.9-.7 3.5-1.9 4.8z\"><\/path><\/svg>\t\t\t\t<\/span>\n\t\t\t<\/div>\n\t\t\t\n\t\t\t\t\t\t<div class=\"elementor-icon-box-content\">\n\n\t\t\t\t\t\t\t\t\t<h3 class=\"elementor-icon-box-title\">\n\t\t\t\t\t\t<span  >\n\t\t\t\t\t\t\tAdres\t\t\t\t\t\t<\/span>\n\t\t\t\t\t<\/h3>\n\t\t\t\t\n\t\t\t\t\t\t\t\t\t<p class=\"elementor-icon-box-description\">\n\t\t\t\t\t\tVi\u015fnelik mh.\n\u00f6\u011fretmenler cd. <br>No = 98\/c<br>\n+90 055405538592\t\t\t\t\t<\/p>\n\t\t\t\t\n\t\t\t<\/div>\n\t\t\t\n\t\t<\/div>\n\t\t\t\t\t\t<\/div>\n\t\t\t\t\t<\/div>\n\t\t\t\t<\/div>\n\t\t<div class=\"elementor-element elementor-element-de330b2 e-flex e-con-boxed e-con e-parent\" data-id=\"de330b2\" data-element_type=\"container\" data-e-type=\"container\">\n\t\t\t\t\t<div class=\"e-con-inner\">\n\t\t\t\t<div class=\"elementor-element elementor-element-938af41 elementor-widget__width-initial elementor-widget elementor-widget-google_maps\" data-id=\"938af41\" data-element_type=\"widget\" data-e-type=\"widget\" data-widget_type=\"google_maps.default\">\n\t\t\t\t\t\t\t<div class=\"elementor-custom-embed\">\n\t\t\t<iframe loading=\"lazy\"\n\t\t\t\t\tsrc=\"https:\/\/maps.google.com\/maps?q=Be%C5%9Fevler%2C%20Y%C4%B1ld%C4%B1r%C4%B1m%20Cd.%20No%3A220%2C%2016110%20Ni%CC%87l%C3%BCfer%2FBursa&#038;t=m&#038;z=16&#038;output=embed&#038;iwloc=near\"\n\t\t\t\t\ttitle=\"Be\u015fevler, Y\u0131ld\u0131r\u0131m Cd. No:220, 16110 Ni\u0307l\u00fcfer\/Bursa\"\n\t\t\t\t\taria-label=\"Be\u015fevler, Y\u0131ld\u0131r\u0131m Cd. No:220, 16110 Ni\u0307l\u00fcfer\/Bursa\"\n\t\t\t><\/iframe>\n\t\t<\/div>\n\t\t\t\t\t\t<\/div>\n\t\t<div class=\"elementor-element elementor-element-83fae7a e-con-full e-flex e-con e-child\" data-id=\"83fae7a\" data-element_type=\"container\" data-e-type=\"container\">\n\t\t\t\t<div class=\"elementor-element elementor-element-961315d elementor-widget__width-initial elementor-widget elementor-widget-image\" data-id=\"961315d\" data-element_type=\"widget\" data-e-type=\"widget\" data-widget_type=\"image.default\">\n\t\t\t\t\t\t\t\t\t\t\t\t\t\t\t\t<a href=\"https:\/\/www.facebook.com\/p\/Gaziantep-Baklavac%C4%B1s%C4%B1-Bursa-61568878850707\/\">\n\t\t\t\t\t\t\t<img fetchpriority=\"high\" decoding=\"async\" width=\"512\" height=\"512\" src=\"https:\/\/gaziantepbaklavacisibursa.com\/wp-content\/uploads\/2026\/02\/facebook.png\" class=\"attachment-large size-large wp-image-1570\" alt=\"\" srcset=\"https:\/\/gaziantepbaklavacisibursa.com\/wp-content\/uploads\/2026\/02\/facebook.png 512w, https:\/\/gaziantepbaklavacisibursa.com\/wp-content\/uploads\/2026\/02\/facebook-300x300.png 300w, https:\/\/gaziantepbaklavacisibursa.com\/wp-content\/uploads\/2026\/02\/facebook-150x150.png 150w, https:\/\/gaziantepbaklavacisibursa.com\/wp-content\/uploads\/2026\/02\/facebook-500x500.png 500w, https:\/\/gaziantepbaklavacisibursa.com\/wp-content\/uploads\/2026\/02\/facebook-100x100.png 100w\" sizes=\"(max-width: 512px) 100vw, 512px\" \/>\t\t\t\t\t\t\t\t<\/a>\n\t\t\t\t\t\t\t\t\t\t\t\t\t\t\t<\/div>\n\t\t\t\t<div class=\"elementor-element elementor-element-390d36e elementor-widget__width-initial elementor-widget elementor-widget-image\" data-id=\"390d36e\" data-element_type=\"widget\" data-e-type=\"widget\" data-widget_type=\"image.default\">\n\t\t\t\t\t\t\t\t\t\t\t\t\t\t\t\t<a href=\"https:\/\/www.instagram.com\/gaziantepbaklavacisibursa\/\">\n\t\t\t\t\t\t\t<img decoding=\"async\" width=\"32\" height=\"32\" src=\"https:\/\/gaziantepbaklavacisibursa.com\/wp-content\/uploads\/2026\/02\/instagram-1-svgrepo-com.svg\" class=\"attachment-large size-large wp-image-1552\" alt=\"\" \/>\t\t\t\t\t\t\t\t<\/a>\n\t\t\t\t\t\t\t\t\t\t\t\t\t\t\t<\/div>\n\t\t\t\t<div class=\"elementor-element elementor-element-91e491b elementor-widget elementor-widget-image\" data-id=\"91e491b\" data-element_type=\"widget\" data-e-type=\"widget\" data-widget_type=\"image.default\">\n\t\t\t\t\t\t\t\t\t\t\t\t\t\t\t\t<a href=\"https:\/\/wa.me\/905427782616\">\n\t\t\t\t\t\t\t<img decoding=\"async\" width=\"512\" height=\"512\" src=\"https:\/\/gaziantepbaklavacisibursa.com\/wp-content\/uploads\/2026\/02\/whatsapp-svgrepo-com.svg\" class=\"attachment-large size-large wp-image-1551\" alt=\"\" \/>\t\t\t\t\t\t\t\t<\/a>\n\t\t\t\t\t\t\t\t\t\t\t\t\t\t\t<\/div>\n\t\t\t\t<\/div>\n\t\t\t\t\t<\/div>\n\t\t\t\t<\/div>\n\t\t\t\t<\/div>\n\t\t","protected":false},"excerpt":{"rendered":"<p>Adres Be\u015fevler, Y\u0131ld\u0131r\u0131m Cd. No:220, 16110 Ni\u0307l\u00fcfer\/Bursa +90 05427782616 Adres So\u011fukkuyu mh. Yunuseli bulvar\u0131 zaralife sitesi no:9\/A downtown avm yan\u0131 Osmangazi\/Bursa +90 05407782616 Adres Vi\u015fnelik mh. \u00f6\u011fretmenler cd. No = 98\/c +90 055405538592<\/p>\n","protected":false},"author":1,"featured_media":0,"parent":0,"menu_order":0,"comment_status":"closed","ping_status":"closed","template":"","meta":{"footnotes":""},"class_list":["post-523","page","type-page","status-publish","hentry"],"blocksy_meta":{"page_title_panel":"","has_hero_section":"disabled","9ec02fbda682bb3d6e89eb4bc4f5b2e6":"","hero_section":"type-1","hero_elements":[{"id":"custom_title","enabled":true,"heading_tag":"h1","title":"Home"},{"id":"custom_description","enabled":true,"description_visibility":{"desktop":true,"tablet":true,"mobile":false}},{"id":"custom_meta","enabled":false,"meta_elements":[{"id":"author","enabled":true,"label":"By","has_author_avatar":"yes","avatar_size":25},{"id":"post_date","enabled":true,"label":"On","date_format_source":"default","date_format":"M j, Y"},{"id":"updated_date","enabled":false,"label":"On","date_format_source":"default","date_format":"M j, Y"},{"id":"categories","enabled":false,"label":"In","style":"simple"},{"id":"comments","enabled":true}],"page_meta_elements":{"joined":true,"articles_count":true,"comments":true}},{"id":"breadcrumbs","enabled":false}],"27fa2a012f58d1fe3e6090af87ea9853":"","hero_alignment1":"CT_CSS_SKIP_RULE","hero_margin":40,"hero_alignment2":"center","hero_vertical_alignment":"center","600d23547ac9eb3d6b8ac8067507561d":"","hero_structure":"narrow","dc97f287120a103b439be0ac0fbd8d1c":"","page_title_bg_type":"featured_image","custom_hero_background":{"attachment_id":null},"page_title_image_size":"full","parallax":{"desktop":false,"tablet":false,"mobile":false},"4bd42d2e4ab61f55b30a925a818470db":"","hero_height":"250px","pageTitleFont":{"family":"Default","variation":"Default","size":"30px","line-height":"CT_CSS_SKIP_RULE","letter-spacing":"CT_CSS_SKIP_RULE","text-transform":"CT_CSS_SKIP_RULE","text-decoration":"CT_CSS_SKIP_RULE"},"pageTitleFontColor":{"default":{"color":"CT_CSS_SKIP_RULEDEFAULT"}},"pageMetaFont":{"family":"Default","variation":"n6","size":"12px","line-height":"1.3","letter-spacing":"CT_CSS_SKIP_RULE","text-transform":"uppercase","text-decoration":"CT_CSS_SKIP_RULE"},"pageMetaFontColor":{"default":{"color":"CT_CSS_SKIP_RULEDEFAULT"},"hover":{"color":"CT_CSS_SKIP_RULEDEFAULT"}},"page_meta_button_type_font_colors":{"default":{"color":"CT_CSS_SKIP_RULEDEFAULT"},"hover":{"color":"CT_CSS_SKIP_RULEDEFAULT"}},"page_meta_button_type_background_colors":{"default":{"color":"CT_CSS_SKIP_RULEDEFAULT"},"hover":{"color":"CT_CSS_SKIP_RULEDEFAULT"}},"pageExcerptFont":{"family":"Default","variation":"Default","size":"CT_CSS_SKIP_RULE","line-height":"CT_CSS_SKIP_RULE","letter-spacing":"CT_CSS_SKIP_RULE","text-transform":"CT_CSS_SKIP_RULE","text-decoration":"CT_CSS_SKIP_RULE"},"pageExcerptColor":{"default":{"color":"CT_CSS_SKIP_RULEDEFAULT"}},"breadcrumbsFont":{"family":"Default","variation":"Default","size":"CT_CSS_SKIP_RULE","line-height":"CT_CSS_SKIP_RULE","letter-spacing":"CT_CSS_SKIP_RULE","text-transform":"CT_CSS_SKIP_RULE","text-decoration":"CT_CSS_SKIP_RULE"},"breadcrumbsFontColor":{"default":{"color":"CT_CSS_SKIP_RULEDEFAULT"},"initial":{"color":"CT_CSS_SKIP_RULEDEFAULT"},"hover":{"color":"CT_CSS_SKIP_RULEDEFAULT"}},"pageTitleOverlay":{"background_type":"color","background_pattern":"type-1","background_image":{"attachment_id":null,"x":0,"y":0},"gradient":"linear-gradient(135deg,rgba(6,147,227,1) 0%,rgb(155,81,224) 100%)","background_repeat":"repeat","background_size":"auto","background_attachment":"scroll","patternColor":{"default":{"color":"#e5e7ea"}},"overlayColor":{"default":{"color":"CT_CSS_SKIP_RULE"}},"backgroundColor":{"default":{"color":"CT_CSS_SKIP_RULE"}}},"pageTitleBackground":{"background_type":"color","background_pattern":"type-1","background_image":{"attachment_id":null,"x":0,"y":0},"gradient":"linear-gradient(135deg,rgba(6,147,227,1) 0%,rgb(155,81,224) 100%)","background_repeat":"repeat","background_size":"auto","background_attachment":"scroll","patternColor":{"default":{"color":"#e5e7ea"}},"overlayColor":{"default":{"color":"CT_CSS_SKIP_RULE"}},"backgroundColor":{"default":{"color":"var(--theme-palette-color-6)"}}},"pageTitlePadding":{"top":"50px","bottom":"50px","left":"auto","right":"auto","linked":true},"b5a7d5b18a7956fb21525b4546b2ab05":"","page_structure_type":"default","f733c1b64e9e45afff4b4702a84f985c":"","content_style_source":"inherit","content_style":"wide","vertical_spacing_source":"custom","content_area_spacing":"none","background":{"background_type":"color","background_pattern":"type-1","background_image":{"attachment_id":null,"x":0,"y":0},"gradient":"linear-gradient(135deg,rgba(6,147,227,1) 0%,rgb(155,81,224) 100%)","background_repeat":"repeat","background_size":"auto","background_attachment":"scroll","patternColor":{"default":{"color":"#e5e7ea"}},"overlayColor":{"default":{"color":"CT_CSS_SKIP_RULE"}},"backgroundColor":{"default":{"color":"CT_CSS_SKIP_RULE"}}},"content_background":{"background_type":"color","background_pattern":"type-1","background_image":{"attachment_id":null,"x":0,"y":0},"gradient":"linear-gradient(135deg,rgba(6,147,227,1) 0%,rgb(155,81,224) 100%)","background_repeat":"repeat","background_size":"auto","background_attachment":"scroll","patternColor":{"default":{"color":"#e5e7ea"}},"overlayColor":{"default":{"color":"CT_CSS_SKIP_RULE"}},"backgroundColor":{"default":{"color":"var(--theme-palette-color-8)"}}},"content_boxed_shadow":{"inherit":false,"blur":18,"spread":-6,"v_offset":12,"h_offset":0,"inset":false,"enable":true,"color":{"color":"rgba(34, 56, 101, 0.04)"}},"content_boxed_border":{"width":1,"style":"none","color":{"color":"rgba(44,62,80,0.2)"}},"content_boxed_radius":{"top":"3px","bottom":"3px","left":"3px","right":"3px","linked":true},"boxed_content_spacing":{"desktop":{"top":"40px","bottom":"40px","left":"40px","right":"40px","linked":true},"tablet":{"top":"35px","bottom":"35px","left":"35px","right":"35px","linked":true},"mobile":{"top":"20px","bottom":"20px","left":"20px","right":"20px","linked":true}},"b1e520ef7f69cedc9141178d46297a20":"","disable_featured_image":"no","disable_share_box":"no","disable_header":"no","disable_footer":"no","styles_descriptor":{"styles":{"desktop":"","tablet":"","mobile":""},"google_fonts":[],"version":6}},"_links":{"self":[{"href":"https:\/\/gaziantepbaklavacisibursa.com\/index.php?rest_route=\/wp\/v2\/pages\/523","targetHints":{"allow":["GET"]}}],"collection":[{"href":"https:\/\/gaziantepbaklavacisibursa.com\/index.php?rest_route=\/wp\/v2\/pages"}],"about":[{"href":"https:\/\/gaziantepbaklavacisibursa.com\/index.php?rest_route=\/wp\/v2\/types\/page"}],"author":[{"embeddable":true,"href":"https:\/\/gaziantepbaklavacisibursa.com\/index.php?rest_route=\/wp\/v2\/users\/1"}],"replies":[{"embeddable":true,"href":"https:\/\/gaziantepbaklavacisibursa.com\/index.php?rest_route=%2Fwp%2Fv2%2Fcomments&post=523"}],"version-history":[{"count":12,"href":"https:\/\/gaziantepbaklavacisibursa.com\/index.php?rest_route=\/wp\/v2\/pages\/523\/revisions"}],"predecessor-version":[{"id":1896,"href":"https:\/\/gaziantepbaklavacisibursa.com\/index.php?rest_route=\/wp\/v2\/pages\/523\/revisions\/1896"}],"wp:attachment":[{"href":"https:\/\/gaziantepbaklavacisibursa.com\/index.php?rest_route=%2Fwp%2Fv2%2Fmedia&parent=523"}],"curies":[{"name":"wp","href":"https:\/\/api.w.org\/{rel}","templated":true}]}}