{"id":527,"date":"2022-08-15T18:16:48","date_gmt":"2022-08-15T18:16:48","guid":{"rendered":"https:\/\/startersites.io\/elementor\/catering\/?page_id=527"},"modified":"2026-03-06T04:57:00","modified_gmt":"2026-03-06T04:57:00","slug":"services","status":"publish","type":"page","link":"https:\/\/gaziantepbaklavacisibursa.com\/?page_id=527","title":{"rendered":"Services"},"content":{"rendered":"\t\t<div data-elementor-type=\"wp-page\" data-elementor-id=\"527\" class=\"elementor elementor-527\">\n\t\t\t\t<div class=\"elementor-element elementor-element-d605209 e-flex e-con-boxed e-con e-parent\" data-id=\"d605209\" data-element_type=\"container\" data-e-type=\"container\" data-settings=\"{&quot;background_background&quot;:&quot;classic&quot;}\">\n\t\t\t\t\t<div class=\"e-con-inner\">\n\t\t<div class=\"elementor-element elementor-element-3cb0204 e-con-full e-flex e-con e-child\" data-id=\"3cb0204\" data-element_type=\"container\" data-e-type=\"container\">\n\t\t\t\t<\/div>\n\t\t\t\t\t<\/div>\n\t\t\t\t<\/div>\n\t\t<div class=\"elementor-element elementor-element-6d3f04a e-flex e-con-boxed e-con e-parent\" data-id=\"6d3f04a\" data-element_type=\"container\" data-e-type=\"container\">\n\t\t\t\t\t<div class=\"e-con-inner\">\n\t\t<div class=\"elementor-element elementor-element-6ad9d25 e-con-full e-flex e-con e-child\" data-id=\"6ad9d25\" data-element_type=\"container\" data-e-type=\"container\">\n\t\t\t\t<div class=\"elementor-element elementor-element-390abb2 elementor-widget elementor-widget-google_maps\" data-id=\"390abb2\" data-element_type=\"widget\" data-e-type=\"widget\" data-widget_type=\"google_maps.default\">\n\t\t\t\t\t\t\t<div class=\"elementor-custom-embed\">\n\t\t\t<iframe loading=\"lazy\"\n\t\t\t\t\tsrc=\"https:\/\/maps.google.com\/maps?q=Be%C5%9Fevler%2C%20Y%C4%B1ld%C4%B1r%C4%B1m%20Cd.%20No%3A220%2C%2016110%20Ni%CC%87l%C3%BCfer%2FBursa&#038;t=m&#038;z=14&#038;output=embed&#038;iwloc=near\"\n\t\t\t\t\ttitle=\"Be\u015fevler, Y\u0131ld\u0131r\u0131m Cd. No:220, 16110 Ni\u0307l\u00fcfer\/Bursa\"\n\t\t\t\t\taria-label=\"Be\u015fevler, Y\u0131ld\u0131r\u0131m Cd. No:220, 16110 Ni\u0307l\u00fcfer\/Bursa\"\n\t\t\t><\/iframe>\n\t\t<\/div>\n\t\t\t\t\t\t<\/div>\n\t\t\t\t<\/div>\n\t\t<div class=\"elementor-element elementor-element-0fb9949 e-con-full e-flex e-con e-child\" data-id=\"0fb9949\" data-element_type=\"container\" data-e-type=\"container\">\n\t\t\t\t<div class=\"elementor-element elementor-element-cecee46 elementor-position-top elementor-widget elementor-widget-image-box\" data-id=\"cecee46\" data-element_type=\"widget\" data-e-type=\"widget\" data-widget_type=\"image-box.default\">\n\t\t\t\t\t<div class=\"elementor-image-box-wrapper\"><figure class=\"elementor-image-box-img\"><img fetchpriority=\"high\" decoding=\"async\" width=\"765\" height=\"1020\" src=\"https:\/\/gaziantepbaklavacisibursa.com\/wp-content\/uploads\/2026\/02\/dukkan1.webp\" class=\"attachment-full size-full wp-image-1947\" alt=\"\" srcset=\"https:\/\/gaziantepbaklavacisibursa.com\/wp-content\/uploads\/2026\/02\/dukkan1.webp 765w, https:\/\/gaziantepbaklavacisibursa.com\/wp-content\/uploads\/2026\/02\/dukkan1-225x300.webp 225w, https:\/\/gaziantepbaklavacisibursa.com\/wp-content\/uploads\/2026\/02\/dukkan1-600x800.webp 600w\" sizes=\"(max-width: 765px) 100vw, 765px\" \/><\/figure><div class=\"elementor-image-box-content\"><h3 class=\"elementor-image-box-title\">Bursa\/nil\u00fcfer<\/h3><p class=\"elementor-image-box-description\">Y\u0131ld\u0131r\u0131m Cd. No:220\nBe\u015fevler, Y\u0131ld\u0131r\u0131m Cd. No:220, 16110 Ni\u0307l\u00fcfer\/Bursa\n\n\nTelefon Numaram\u0131z :05427782616 <\/p><\/div><\/div>\t\t\t\t<\/div>\n\t\t\t\t<\/div>\n\t\t\t\t\t<\/div>\n\t\t\t\t<\/div>\n\t\t<div class=\"elementor-element elementor-element-13b7a02 e-flex e-con-boxed e-con e-parent\" data-id=\"13b7a02\" data-element_type=\"container\" data-e-type=\"container\">\n\t\t\t\t\t<div class=\"e-con-inner\">\n\t\t<div class=\"elementor-element elementor-element-e4d60cb e-con-full e-flex e-con e-child\" data-id=\"e4d60cb\" data-element_type=\"container\" data-e-type=\"container\">\n\t\t\t\t<div class=\"elementor-element elementor-element-8ef6407 elementor-widget elementor-widget-google_maps\" data-id=\"8ef6407\" data-element_type=\"widget\" data-e-type=\"widget\" data-widget_type=\"google_maps.default\">\n\t\t\t\t\t\t\t<div class=\"elementor-custom-embed\">\n\t\t\t<iframe loading=\"lazy\"\n\t\t\t\t\tsrc=\"https:\/\/maps.google.com\/maps?q=So%C4%9Fukkuyu%20mh%20Fuat%20ku%C5%9F%C3%A7uo%C4%9Flu%20cd%20alu%C3%A7lar%20zara%20life%20sitedi%20no%3A9%2FA&#038;t=m&#038;z=17&#038;output=embed&#038;iwloc=near\"\n\t\t\t\t\ttitle=\"So\u011fukkuyu mh Fuat ku\u015f\u00e7uo\u011flu cd alu\u00e7lar zara life sitedi no:9\/A\"\n\t\t\t\t\taria-label=\"So\u011fukkuyu mh Fuat ku\u015f\u00e7uo\u011flu cd alu\u00e7lar zara life sitedi no:9\/A\"\n\t\t\t><\/iframe>\n\t\t<\/div>\n\t\t\t\t\t\t<\/div>\n\t\t\t\t<\/div>\n\t\t<div class=\"elementor-element elementor-element-422eaf5 e-con-full e-flex e-con e-child\" data-id=\"422eaf5\" data-element_type=\"container\" data-e-type=\"container\">\n\t\t\t\t<div class=\"elementor-element elementor-element-914a404 elementor-position-top elementor-widget elementor-widget-image-box\" data-id=\"914a404\" data-element_type=\"widget\" data-e-type=\"widget\" data-widget_type=\"image-box.default\">\n\t\t\t\t\t<div class=\"elementor-image-box-wrapper\"><figure class=\"elementor-image-box-img\"><img decoding=\"async\" width=\"1128\" height=\"1409\" src=\"https:\/\/gaziantepbaklavacisibursa.com\/wp-content\/uploads\/2026\/02\/dukkan3.jpeg\" class=\"attachment-full size-full wp-image-1948\" alt=\"\" srcset=\"https:\/\/gaziantepbaklavacisibursa.com\/wp-content\/uploads\/2026\/02\/dukkan3.jpeg 1128w, https:\/\/gaziantepbaklavacisibursa.com\/wp-content\/uploads\/2026\/02\/dukkan3-240x300.jpeg 240w, https:\/\/gaziantepbaklavacisibursa.com\/wp-content\/uploads\/2026\/02\/dukkan3-820x1024.jpeg 820w, https:\/\/gaziantepbaklavacisibursa.com\/wp-content\/uploads\/2026\/02\/dukkan3-768x959.jpeg 768w, https:\/\/gaziantepbaklavacisibursa.com\/wp-content\/uploads\/2026\/02\/dukkan3-600x749.jpeg 600w\" sizes=\"(max-width: 1128px) 100vw, 1128px\" \/><\/figure><div class=\"elementor-image-box-content\"><h3 class=\"elementor-image-box-title\">Bursa\/Downtown<\/h3><p class=\"elementor-image-box-description\">So\u011fukkuyu mh Fuat ku\u015f\u00e7uo\u011flu cd <br>alu\u00e7lar zara life  sitedi no:9\/A<br>Osmangazi\/Bursa<br>Numram\u0131z: 05407782616<\/p><\/div><\/div>\t\t\t\t<\/div>\n\t\t\t\t<\/div>\n\t\t\t\t\t<\/div>\n\t\t\t\t<\/div>\n\t\t<div class=\"elementor-element elementor-element-ebc6cde e-flex e-con-boxed e-con e-parent\" data-id=\"ebc6cde\" data-element_type=\"container\" data-e-type=\"container\">\n\t\t\t\t\t<div class=\"e-con-inner\">\n\t\t<div class=\"elementor-element elementor-element-da1caef e-con-full e-flex e-con e-child\" data-id=\"da1caef\" data-element_type=\"container\" data-e-type=\"container\">\n\t\t\t\t<div class=\"elementor-element elementor-element-5d8af71 elementor-widget elementor-widget-google_maps\" data-id=\"5d8af71\" data-element_type=\"widget\" data-e-type=\"widget\" data-widget_type=\"google_maps.default\">\n\t\t\t\t\t\t\t<div class=\"elementor-custom-embed\">\n\t\t\t<iframe loading=\"lazy\"\n\t\t\t\t\tsrc=\"https:\/\/maps.google.com\/maps?q=Vi%C5%9Fnelik%20mh.%20%20%C3%B6%C4%9Fretmenler%20cd.%20No%20%3D%2098%2Fc&#038;t=m&#038;z=15&#038;output=embed&#038;iwloc=near\"\n\t\t\t\t\ttitle=\"Vi\u015fnelik mh.  \u00f6\u011fretmenler cd. No = 98\/c\"\n\t\t\t\t\taria-label=\"Vi\u015fnelik mh.  \u00f6\u011fretmenler cd. No = 98\/c\"\n\t\t\t><\/iframe>\n\t\t<\/div>\n\t\t\t\t\t\t<\/div>\n\t\t\t\t<\/div>\n\t\t<div class=\"elementor-element elementor-element-73e3881 e-con-full e-flex e-con e-child\" data-id=\"73e3881\" data-element_type=\"container\" data-e-type=\"container\">\n\t\t\t\t<div class=\"elementor-element elementor-element-dbc0aa7 elementor-position-top elementor-widget elementor-widget-image-box\" data-id=\"dbc0aa7\" data-element_type=\"widget\" data-e-type=\"widget\" data-widget_type=\"image-box.default\">\n\t\t\t\t\t<div class=\"elementor-image-box-wrapper\"><figure class=\"elementor-image-box-img\"><img decoding=\"async\" src=\"https:\/\/gaziantepbaklavacisibursa.com\/wp-content\/plugins\/elementor\/assets\/images\/placeholder.png\" title=\"\" alt=\"\" loading=\"lazy\" \/><\/figure><div class=\"elementor-image-box-content\"><h3 class=\"elementor-image-box-title\">eskisehir\/odunpazar\u0131<\/h3><p class=\"elementor-image-box-description\">Vi\u015fnelik mh. <br>\u00f6\u011fretmenler cd. No = 98\/c <br>\nNumaram\u0131z 055405538592<\/p><\/div><\/div>\t\t\t\t<\/div>\n\t\t\t\t<\/div>\n\t\t\t\t\t<\/div>\n\t\t\t\t<\/div>\n\t\t<div class=\"elementor-element elementor-element-cc37a82 e-flex e-con-boxed e-con e-parent\" data-id=\"cc37a82\" data-element_type=\"container\" data-e-type=\"container\">\n\t\t\t\t\t<div class=\"e-con-inner\">\n\t\t<div class=\"elementor-element elementor-element-7b2ba2b e-con-full e-flex e-con e-child\" data-id=\"7b2ba2b\" data-element_type=\"container\" data-e-type=\"container\">\n\t\t\t\t<div class=\"elementor-element elementor-element-cfcf985 elementor-widget elementor-widget-image\" data-id=\"cfcf985\" data-element_type=\"widget\" data-e-type=\"widget\" data-widget_type=\"image.default\">\n\t\t\t\t\t\t\t\t\t\t\t\t\t\t\t\t<a href=\"https:\/\/wa.me\/905427782616\">\n\t\t\t\t\t\t\t<img decoding=\"async\" width=\"512\" height=\"512\" src=\"https:\/\/gaziantepbaklavacisibursa.com\/wp-content\/uploads\/2026\/02\/whatsapp-svgrepo-com.svg\" class=\"attachment-large size-large wp-image-1551\" alt=\"\" \/>\t\t\t\t\t\t\t\t<\/a>\n\t\t\t\t\t\t\t\t\t\t\t\t\t\t\t<\/div>\n\t\t\t\t<\/div>\n\t\t<div class=\"elementor-element elementor-element-56be5d7 e-con-full e-flex e-con e-child\" data-id=\"56be5d7\" data-element_type=\"container\" data-e-type=\"container\">\n\t\t\t\t<div class=\"elementor-element elementor-element-f9dce77 elementor-widget__width-initial elementor-widget elementor-widget-image\" data-id=\"f9dce77\" data-element_type=\"widget\" data-e-type=\"widget\" data-widget_type=\"image.default\">\n\t\t\t\t\t\t\t\t\t\t\t\t\t\t\t\t<a href=\"https:\/\/www.facebook.com\/p\/Gaziantep-Baklavac%C4%B1s%C4%B1-Bursa-61568878850707\/\">\n\t\t\t\t\t\t\t<img loading=\"lazy\" decoding=\"async\" width=\"512\" height=\"512\" src=\"https:\/\/gaziantepbaklavacisibursa.com\/wp-content\/uploads\/2026\/02\/facebook.png\" class=\"attachment-large size-large wp-image-1570\" alt=\"\" srcset=\"https:\/\/gaziantepbaklavacisibursa.com\/wp-content\/uploads\/2026\/02\/facebook.png 512w, https:\/\/gaziantepbaklavacisibursa.com\/wp-content\/uploads\/2026\/02\/facebook-300x300.png 300w, https:\/\/gaziantepbaklavacisibursa.com\/wp-content\/uploads\/2026\/02\/facebook-150x150.png 150w, https:\/\/gaziantepbaklavacisibursa.com\/wp-content\/uploads\/2026\/02\/facebook-500x500.png 500w, https:\/\/gaziantepbaklavacisibursa.com\/wp-content\/uploads\/2026\/02\/facebook-100x100.png 100w\" sizes=\"(max-width: 512px) 100vw, 512px\" \/>\t\t\t\t\t\t\t\t<\/a>\n\t\t\t\t\t\t\t\t\t\t\t\t\t\t\t<\/div>\n\t\t\t\t<\/div>\n\t\t<div class=\"elementor-element elementor-element-2748f2a e-con-full e-flex e-con e-child\" data-id=\"2748f2a\" data-element_type=\"container\" data-e-type=\"container\">\n\t\t\t\t<div class=\"elementor-element elementor-element-52c0ac0 elementor-widget elementor-widget-image\" data-id=\"52c0ac0\" data-element_type=\"widget\" data-e-type=\"widget\" data-widget_type=\"image.default\">\n\t\t\t\t\t\t\t\t\t\t\t\t\t\t\t\t<a href=\"https:\/\/www.instagram.com\/gaziantepbaklavacisibursa\/\">\n\t\t\t\t\t\t\t<img loading=\"lazy\" decoding=\"async\" width=\"32\" height=\"32\" src=\"https:\/\/gaziantepbaklavacisibursa.com\/wp-content\/uploads\/2026\/02\/instagram-1-svgrepo-com.svg\" class=\"attachment-large size-large wp-image-1552\" alt=\"\" \/>\t\t\t\t\t\t\t\t<\/a>\n\t\t\t\t\t\t\t\t\t\t\t\t\t\t\t<\/div>\n\t\t\t\t<\/div>\n\t\t\t\t\t<\/div>\n\t\t\t\t<\/div>\n\t\t\t\t<\/div>\n\t\t","protected":false},"excerpt":{"rendered":"<p>Bursa\/nil\u00fcfer Y\u0131ld\u0131r\u0131m Cd. No:220 Be\u015fevler, Y\u0131ld\u0131r\u0131m Cd. No:220, 16110 Ni\u0307l\u00fcfer\/Bursa Telefon Numaram\u0131z :05427782616 Bursa\/Downtown So\u011fukkuyu mh Fuat ku\u015f\u00e7uo\u011flu cd alu\u00e7lar zara life sitedi no:9\/AOsmangazi\/BursaNumram\u0131z: 05407782616 eskisehir\/odunpazar\u0131 Vi\u015fnelik mh. \u00f6\u011fretmenler cd. No = 98\/c Numaram\u0131z 055405538592<\/p>\n","protected":false},"author":1,"featured_media":0,"parent":0,"menu_order":0,"comment_status":"closed","ping_status":"closed","template":"","meta":{"footnotes":""},"class_list":["post-527","page","type-page","status-publish","hentry"],"blocksy_meta":{"page_title_panel":"","has_hero_section":"disabled","94ac437862f1142756dda7ba1d8c54f5":"","hero_section":"type-1","hero_elements":[{"id":"custom_title","enabled":true,"heading_tag":"h1","title":"Home"},{"id":"custom_description","enabled":true,"description_visibility":{"desktop":true,"tablet":true,"mobile":false}},{"id":"custom_meta","enabled":false,"meta_elements":[{"id":"author","enabled":true,"label":"By","has_author_avatar":"yes","avatar_size":25},{"id":"post_date","enabled":true,"label":"On","date_format_source":"default","date_format":"M j, Y"},{"id":"updated_date","enabled":false,"label":"On","date_format_source":"default","date_format":"M j, Y"},{"id":"categories","enabled":false,"label":"In","style":"simple"},{"id":"comments","enabled":true}],"page_meta_elements":{"joined":true,"articles_count":true,"comments":true}},{"id":"breadcrumbs","enabled":false}],"235efdca04dfabf5fa532485b0c27d14":"","hero_alignment1":"CT_CSS_SKIP_RULE","hero_margin":40,"hero_alignment2":"center","hero_vertical_alignment":"center","9592dd27e1905732c9c0292e10fb8de2":"","hero_structure":"narrow","83a91d98d64a749de56e5c116cf0ad7f":"","page_title_bg_type":"featured_image","custom_hero_background":{"attachment_id":null},"page_title_image_size":"full","parallax":{"desktop":false,"tablet":false,"mobile":false},"de1b9288a060fa73c8b058f88beb1cd1":"","hero_height":"250px","pageTitleFont":{"family":"Default","variation":"Default","size":"30px","line-height":"CT_CSS_SKIP_RULE","letter-spacing":"CT_CSS_SKIP_RULE","text-transform":"CT_CSS_SKIP_RULE","text-decoration":"CT_CSS_SKIP_RULE"},"pageTitleFontColor":{"default":{"color":"CT_CSS_SKIP_RULEDEFAULT"}},"pageMetaFont":{"family":"Default","variation":"n6","size":"12px","line-height":"1.3","letter-spacing":"CT_CSS_SKIP_RULE","text-transform":"uppercase","text-decoration":"CT_CSS_SKIP_RULE"},"pageMetaFontColor":{"default":{"color":"CT_CSS_SKIP_RULEDEFAULT"},"hover":{"color":"CT_CSS_SKIP_RULEDEFAULT"}},"page_meta_button_type_font_colors":{"default":{"color":"CT_CSS_SKIP_RULEDEFAULT"},"hover":{"color":"CT_CSS_SKIP_RULEDEFAULT"}},"page_meta_button_type_background_colors":{"default":{"color":"CT_CSS_SKIP_RULEDEFAULT"},"hover":{"color":"CT_CSS_SKIP_RULEDEFAULT"}},"pageExcerptFont":{"family":"Default","variation":"Default","size":"CT_CSS_SKIP_RULE","line-height":"CT_CSS_SKIP_RULE","letter-spacing":"CT_CSS_SKIP_RULE","text-transform":"CT_CSS_SKIP_RULE","text-decoration":"CT_CSS_SKIP_RULE"},"pageExcerptColor":{"default":{"color":"CT_CSS_SKIP_RULEDEFAULT"}},"breadcrumbsFont":{"family":"Default","variation":"Default","size":"CT_CSS_SKIP_RULE","line-height":"CT_CSS_SKIP_RULE","letter-spacing":"CT_CSS_SKIP_RULE","text-transform":"CT_CSS_SKIP_RULE","text-decoration":"CT_CSS_SKIP_RULE"},"breadcrumbsFontColor":{"default":{"color":"CT_CSS_SKIP_RULEDEFAULT"},"initial":{"color":"CT_CSS_SKIP_RULEDEFAULT"},"hover":{"color":"CT_CSS_SKIP_RULEDEFAULT"}},"pageTitleOverlay":{"background_type":"color","background_pattern":"type-1","background_image":{"attachment_id":null,"x":0,"y":0},"gradient":"linear-gradient(135deg,rgba(6,147,227,1) 0%,rgb(155,81,224) 100%)","background_repeat":"repeat","background_size":"auto","background_attachment":"scroll","patternColor":{"default":{"color":"#e5e7ea"}},"overlayColor":{"default":{"color":"CT_CSS_SKIP_RULE"}},"backgroundColor":{"default":{"color":"CT_CSS_SKIP_RULE"}}},"pageTitleBackground":{"background_type":"color","background_pattern":"type-1","background_image":{"attachment_id":null,"x":0,"y":0},"gradient":"linear-gradient(135deg,rgba(6,147,227,1) 0%,rgb(155,81,224) 100%)","background_repeat":"repeat","background_size":"auto","background_attachment":"scroll","patternColor":{"default":{"color":"#e5e7ea"}},"overlayColor":{"default":{"color":"CT_CSS_SKIP_RULE"}},"backgroundColor":{"default":{"color":"var(--theme-palette-color-6)"}}},"pageTitlePadding":{"top":"50px","bottom":"50px","left":"auto","right":"auto","linked":true},"27e3055408e363a28966e8f7ef86abb5":"","page_structure_type":"default","429f27fdec65431ef21786114ab7e643":"","content_style_source":"inherit","content_style":"wide","vertical_spacing_source":"custom","content_area_spacing":"none","background":{"background_type":"color","background_pattern":"type-1","background_image":{"attachment_id":null,"x":0,"y":0},"gradient":"linear-gradient(135deg,rgba(6,147,227,1) 0%,rgb(155,81,224) 100%)","background_repeat":"repeat","background_size":"auto","background_attachment":"scroll","patternColor":{"default":{"color":"#e5e7ea"}},"overlayColor":{"default":{"color":"CT_CSS_SKIP_RULE"}},"backgroundColor":{"default":{"color":"CT_CSS_SKIP_RULE"}}},"content_background":{"background_type":"color","background_pattern":"type-1","background_image":{"attachment_id":null,"x":0,"y":0},"gradient":"linear-gradient(135deg,rgba(6,147,227,1) 0%,rgb(155,81,224) 100%)","background_repeat":"repeat","background_size":"auto","background_attachment":"scroll","patternColor":{"default":{"color":"#e5e7ea"}},"overlayColor":{"default":{"color":"CT_CSS_SKIP_RULE"}},"backgroundColor":{"default":{"color":"var(--theme-palette-color-8)"}}},"content_boxed_shadow":{"inherit":false,"blur":18,"spread":-6,"v_offset":12,"h_offset":0,"inset":false,"enable":true,"color":{"color":"rgba(34, 56, 101, 0.04)"}},"content_boxed_border":{"width":1,"style":"none","color":{"color":"rgba(44,62,80,0.2)"}},"content_boxed_radius":{"top":"3px","bottom":"3px","left":"3px","right":"3px","linked":true},"boxed_content_spacing":{"desktop":{"top":"40px","bottom":"40px","left":"40px","right":"40px","linked":true},"tablet":{"top":"35px","bottom":"35px","left":"35px","right":"35px","linked":true},"mobile":{"top":"20px","bottom":"20px","left":"20px","right":"20px","linked":true}},"c6849915387353f22dc270a6a7f47dac":"","disable_featured_image":"no","disable_share_box":"no","disable_header":"no","disable_footer":"no","styles_descriptor":{"styles":{"desktop":"","tablet":"","mobile":""},"google_fonts":[],"version":6}},"_links":{"self":[{"href":"https:\/\/gaziantepbaklavacisibursa.com\/index.php?rest_route=\/wp\/v2\/pages\/527","targetHints":{"allow":["GET"]}}],"collection":[{"href":"https:\/\/gaziantepbaklavacisibursa.com\/index.php?rest_route=\/wp\/v2\/pages"}],"about":[{"href":"https:\/\/gaziantepbaklavacisibursa.com\/index.php?rest_route=\/wp\/v2\/types\/page"}],"author":[{"embeddable":true,"href":"https:\/\/gaziantepbaklavacisibursa.com\/index.php?rest_route=\/wp\/v2\/users\/1"}],"replies":[{"embeddable":true,"href":"https:\/\/gaziantepbaklavacisibursa.com\/index.php?rest_route=%2Fwp%2Fv2%2Fcomments&post=527"}],"version-history":[{"count":30,"href":"https:\/\/gaziantepbaklavacisibursa.com\/index.php?rest_route=\/wp\/v2\/pages\/527\/revisions"}],"predecessor-version":[{"id":1980,"href":"https:\/\/gaziantepbaklavacisibursa.com\/index.php?rest_route=\/wp\/v2\/pages\/527\/revisions\/1980"}],"wp:attachment":[{"href":"https:\/\/gaziantepbaklavacisibursa.com\/index.php?rest_route=%2Fwp%2Fv2%2Fmedia&parent=527"}],"curies":[{"name":"wp","href":"https:\/\/api.w.org\/{rel}","templated":true}]}}