{"id":1627,"date":"2026-02-12T22:52:36","date_gmt":"2026-02-12T22:52:36","guid":{"rendered":"https:\/\/gaziantepbaklavacisibursa.com\/?post_type=product&#038;p=1627"},"modified":"2026-02-13T18:04:59","modified_gmt":"2026-02-13T18:04:59","slug":"cevizli-baklava","status":"publish","type":"product","link":"https:\/\/gaziantepbaklavacisibursa.com\/?product=cevizli-baklava","title":{"rendered":"Cevizli Baklava"},"content":{"rendered":"<p>bol ceviz dolgusu ve tam k\u0131vam\u0131nda \u015ferbetiyle geleneksel lezzetin en \u00e7\u0131t\u0131r hali.<\/p>\n","protected":false},"excerpt":{"rendered":"<p>\u2714 %100 \u00c7eviz<br \/>\n\u2714 G\u00fcnl\u00fck \u00fcretim<br \/>\n\u2714 \u00d6zel paketleme<\/p>\n","protected":false},"featured_media":1313,"comment_status":"open","ping_status":"closed","template":"","meta":[],"product_brand":[],"product_cat":[21,24],"product_tag":[],"class_list":{"0":"post-1627","1":"product","2":"type-product","3":"status-publish","4":"has-post-thumbnail","6":"product_cat-baklavalar","7":"product_cat-tatlilar","9":"first","10":"instock","11":"shipping-taxable","12":"purchasable","13":"product-type-variable"},"_links":{"self":[{"href":"https:\/\/gaziantepbaklavacisibursa.com\/index.php?rest_route=\/wp\/v2\/product\/1627","targetHints":{"allow":["GET"]}}],"collection":[{"href":"https:\/\/gaziantepbaklavacisibursa.com\/index.php?rest_route=\/wp\/v2\/product"}],"about":[{"href":"https:\/\/gaziantepbaklavacisibursa.com\/index.php?rest_route=\/wp\/v2\/types\/product"}],"replies":[{"embeddable":true,"href":"https:\/\/gaziantepbaklavacisibursa.com\/index.php?rest_route=%2Fwp%2Fv2%2Fcomments&post=1627"}],"wp:featuredmedia":[{"embeddable":true,"href":"https:\/\/gaziantepbaklavacisibursa.com\/index.php?rest_route=\/wp\/v2\/media\/1313"}],"wp:attachment":[{"href":"https:\/\/gaziantepbaklavacisibursa.com\/index.php?rest_route=%2Fwp%2Fv2%2Fmedia&parent=1627"}],"wp:term":[{"taxonomy":"product_brand","embeddable":true,"href":"https:\/\/gaziantepbaklavacisibursa.com\/index.php?rest_route=%2Fwp%2Fv2%2Fproduct_brand&post=1627"},{"taxonomy":"product_cat","embeddable":true,"href":"https:\/\/gaziantepbaklavacisibursa.com\/index.php?rest_route=%2Fwp%2Fv2%2Fproduct_cat&post=1627"},{"taxonomy":"product_tag","embeddable":true,"href":"https:\/\/gaziantepbaklavacisibursa.com\/index.php?rest_route=%2Fwp%2Fv2%2Fproduct_tag&post=1627"}],"curies":[{"name":"wp","href":"https:\/\/api.w.org\/{rel}","templated":true}]}}