{"id":1634,"date":"2026-02-12T23:34:27","date_gmt":"2026-02-12T23:34:27","guid":{"rendered":"https:\/\/gaziantepbaklavacisibursa.com\/?post_type=product&#038;p=1634"},"modified":"2026-02-13T17:53:47","modified_gmt":"2026-02-13T17:53:47","slug":"fistikli-kuru-baklava","status":"publish","type":"product","link":"https:\/\/gaziantepbaklavacisibursa.com\/?product=fistikli-kuru-baklava","title":{"rendered":"F\u0131st\u0131kl\u0131 Kuru Baklava"},"content":{"rendered":"<p>Yo\u011fun Antep f\u0131st\u0131\u011f\u0131 ve \u00e7\u0131t\u0131r katmanlar\u0131yla haz\u0131rlanan F\u0131st\u0131kl\u0131 Kuru Baklava, hafif yap\u0131s\u0131yla lezzetin en \u00f6zel halini sunar.<\/p>\n","protected":false},"excerpt":{"rendered":"<p>Yo\u011fun Antep f\u0131st\u0131\u011f\u0131 ve \u00e7\u0131t\u0131r katmanlar\u0131yla haz\u0131rlanan F\u0131st\u0131kl\u0131 Kuru Baklava, hafif yap\u0131s\u0131yla lezzetin en \u00f6zel halini sunar.<\/p>\n","protected":false},"featured_media":1635,"comment_status":"open","ping_status":"closed","template":"","meta":[],"product_brand":[],"product_cat":[21,24],"product_tag":[],"class_list":{"0":"post-1634","1":"product","2":"type-product","3":"status-publish","4":"has-post-thumbnail","6":"product_cat-baklavalar","7":"product_cat-tatlilar","9":"first","10":"instock","11":"shipping-taxable","12":"purchasable","13":"product-type-variable"},"_links":{"self":[{"href":"https:\/\/gaziantepbaklavacisibursa.com\/index.php?rest_route=\/wp\/v2\/product\/1634","targetHints":{"allow":["GET"]}}],"collection":[{"href":"https:\/\/gaziantepbaklavacisibursa.com\/index.php?rest_route=\/wp\/v2\/product"}],"about":[{"href":"https:\/\/gaziantepbaklavacisibursa.com\/index.php?rest_route=\/wp\/v2\/types\/product"}],"replies":[{"embeddable":true,"href":"https:\/\/gaziantepbaklavacisibursa.com\/index.php?rest_route=%2Fwp%2Fv2%2Fcomments&post=1634"}],"wp:featuredmedia":[{"embeddable":true,"href":"https:\/\/gaziantepbaklavacisibursa.com\/index.php?rest_route=\/wp\/v2\/media\/1635"}],"wp:attachment":[{"href":"https:\/\/gaziantepbaklavacisibursa.com\/index.php?rest_route=%2Fwp%2Fv2%2Fmedia&parent=1634"}],"wp:term":[{"taxonomy":"product_brand","embeddable":true,"href":"https:\/\/gaziantepbaklavacisibursa.com\/index.php?rest_route=%2Fwp%2Fv2%2Fproduct_brand&post=1634"},{"taxonomy":"product_cat","embeddable":true,"href":"https:\/\/gaziantepbaklavacisibursa.com\/index.php?rest_route=%2Fwp%2Fv2%2Fproduct_cat&post=1634"},{"taxonomy":"product_tag","embeddable":true,"href":"https:\/\/gaziantepbaklavacisibursa.com\/index.php?rest_route=%2Fwp%2Fv2%2Fproduct_tag&post=1634"}],"curies":[{"name":"wp","href":"https:\/\/api.w.org\/{rel}","templated":true}]}}