{"id":1636,"date":"2026-02-12T23:42:08","date_gmt":"2026-02-12T23:42:08","guid":{"rendered":"https:\/\/gaziantepbaklavacisibursa.com\/?post_type=product&#038;p=1636"},"modified":"2026-02-13T17:52:21","modified_gmt":"2026-02-13T17:52:21","slug":"fistikli-kaymakli-sobiyet","status":"publish","type":"product","link":"https:\/\/gaziantepbaklavacisibursa.com\/?product=fistikli-kaymakli-sobiyet","title":{"rendered":"F\u0131st\u0131kl\u0131 Kaymakl\u0131 \u015e\u00f6biyet"},"content":{"rendered":"<p>Antep f\u0131st\u0131\u011f\u0131n\u0131n yo\u011fun aromas\u0131 ve yumu\u015fac\u0131k kayma\u011f\u0131n bulu\u015ftu\u011fu \u015e\u00f6biyet Tatl\u0131m\u0131z.<\/p>\n","protected":false},"excerpt":{"rendered":"<p>\u2714 %100 Antep F\u0131st\u0131\u011f\u0131<br \/>\n\u2714 G\u00fcnl\u00fck \u00fcretim<br \/>\n\u2714 \u00d6zel paketleme<\/p>\n","protected":false},"featured_media":1637,"comment_status":"open","ping_status":"closed","template":"","meta":[],"product_brand":[],"product_cat":[21,24],"product_tag":[],"class_list":{"0":"post-1636","1":"product","2":"type-product","3":"status-publish","4":"has-post-thumbnail","6":"product_cat-baklavalar","7":"product_cat-tatlilar","9":"first","10":"instock","11":"shipping-taxable","12":"purchasable","13":"product-type-variable"},"_links":{"self":[{"href":"https:\/\/gaziantepbaklavacisibursa.com\/index.php?rest_route=\/wp\/v2\/product\/1636","targetHints":{"allow":["GET"]}}],"collection":[{"href":"https:\/\/gaziantepbaklavacisibursa.com\/index.php?rest_route=\/wp\/v2\/product"}],"about":[{"href":"https:\/\/gaziantepbaklavacisibursa.com\/index.php?rest_route=\/wp\/v2\/types\/product"}],"replies":[{"embeddable":true,"href":"https:\/\/gaziantepbaklavacisibursa.com\/index.php?rest_route=%2Fwp%2Fv2%2Fcomments&post=1636"}],"wp:featuredmedia":[{"embeddable":true,"href":"https:\/\/gaziantepbaklavacisibursa.com\/index.php?rest_route=\/wp\/v2\/media\/1637"}],"wp:attachment":[{"href":"https:\/\/gaziantepbaklavacisibursa.com\/index.php?rest_route=%2Fwp%2Fv2%2Fmedia&parent=1636"}],"wp:term":[{"taxonomy":"product_brand","embeddable":true,"href":"https:\/\/gaziantepbaklavacisibursa.com\/index.php?rest_route=%2Fwp%2Fv2%2Fproduct_brand&post=1636"},{"taxonomy":"product_cat","embeddable":true,"href":"https:\/\/gaziantepbaklavacisibursa.com\/index.php?rest_route=%2Fwp%2Fv2%2Fproduct_cat&post=1636"},{"taxonomy":"product_tag","embeddable":true,"href":"https:\/\/gaziantepbaklavacisibursa.com\/index.php?rest_route=%2Fwp%2Fv2%2Fproduct_tag&post=1636"}],"curies":[{"name":"wp","href":"https:\/\/api.w.org\/{rel}","templated":true}]}}