{"id":1640,"date":"2026-02-12T23:56:27","date_gmt":"2026-02-12T23:56:27","guid":{"rendered":"https:\/\/gaziantepbaklavacisibursa.com\/?post_type=product&#038;p=1640"},"modified":"2026-02-22T16:37:36","modified_gmt":"2026-02-22T16:37:36","slug":"fistikli-soguk-kadayif","status":"publish","type":"product","link":"https:\/\/gaziantepbaklavacisibursa.com\/?product=fistikli-soguk-kadayif","title":{"rendered":"F\u0131st\u0131kl\u0131 So\u011fuk Kaday\u0131f"},"content":{"rendered":"<p>Bol Antep f\u0131st\u0131\u011f\u0131yla haz\u0131rlanan So\u011fuk Kaday\u0131f, s\u00fctl\u00fc \u015ferbeti ve ferah lezzetiyle tatl\u0131ya hafif bir dokunu\u015f katar.<\/p>\n","protected":false},"excerpt":{"rendered":"<p>\u2714 %100 Antep F\u0131s\u0131t\u0131\u011f\u0131<br \/>\n\u2714 G\u00fcnl\u00fck \u00fcretim<br \/>\n\u2714 \u00d6zel paketleme<\/p>\n","protected":false},"featured_media":1310,"comment_status":"open","ping_status":"closed","template":"","meta":[],"product_brand":[],"product_cat":[22,24],"product_tag":[],"class_list":{"0":"post-1640","1":"product","2":"type-product","3":"status-publish","4":"has-post-thumbnail","6":"product_cat-sutlu-tatlilar","7":"product_cat-tatlilar","9":"first","10":"instock","11":"shipping-taxable","12":"purchasable","13":"product-type-variable"},"_links":{"self":[{"href":"https:\/\/gaziantepbaklavacisibursa.com\/index.php?rest_route=\/wp\/v2\/product\/1640","targetHints":{"allow":["GET"]}}],"collection":[{"href":"https:\/\/gaziantepbaklavacisibursa.com\/index.php?rest_route=\/wp\/v2\/product"}],"about":[{"href":"https:\/\/gaziantepbaklavacisibursa.com\/index.php?rest_route=\/wp\/v2\/types\/product"}],"replies":[{"embeddable":true,"href":"https:\/\/gaziantepbaklavacisibursa.com\/index.php?rest_route=%2Fwp%2Fv2%2Fcomments&post=1640"}],"wp:featuredmedia":[{"embeddable":true,"href":"https:\/\/gaziantepbaklavacisibursa.com\/index.php?rest_route=\/wp\/v2\/media\/1310"}],"wp:attachment":[{"href":"https:\/\/gaziantepbaklavacisibursa.com\/index.php?rest_route=%2Fwp%2Fv2%2Fmedia&parent=1640"}],"wp:term":[{"taxonomy":"product_brand","embeddable":true,"href":"https:\/\/gaziantepbaklavacisibursa.com\/index.php?rest_route=%2Fwp%2Fv2%2Fproduct_brand&post=1640"},{"taxonomy":"product_cat","embeddable":true,"href":"https:\/\/gaziantepbaklavacisibursa.com\/index.php?rest_route=%2Fwp%2Fv2%2Fproduct_cat&post=1640"},{"taxonomy":"product_tag","embeddable":true,"href":"https:\/\/gaziantepbaklavacisibursa.com\/index.php?rest_route=%2Fwp%2Fv2%2Fproduct_tag&post=1640"}],"curies":[{"name":"wp","href":"https:\/\/api.w.org\/{rel}","templated":true}]}}